{"id":698,"date":"2022-04-21T10:57:48","date_gmt":"2022-04-21T10:57:48","guid":{"rendered":"https:\/\/www.toms-highlandbeef.ch\/wordpress\/?post_type=product&#038;p=698"},"modified":"2023-03-17T17:00:49","modified_gmt":"2023-03-17T17:00:49","slug":"rapsoel","status":"publish","type":"product","link":"https:\/\/www.toms-highlandbeef.ch\/wordpress\/?product=rapsoel","title":{"rendered":"Raps\u00f6l"},"content":{"rendered":"<p>Unser Raps wird durch durch die kleine Familien-Presserei von Beat M\u00fcnger, Murzelen gepresst.<\/p>\n<p>Das Raps\u00f6l wird kaltgepresst und eignet sich hervorragen f\u00fcr die Zubereitung von sowohl kalten wie auch warmen Speisen.<\/p>\n","protected":false},"excerpt":{"rendered":"<p>Hochwertiges Raps\u00f6l aus eigenem, nachhaltigem Anbau.<\/p>\n<p>Das Raps\u00f6l ist in Flaschen zu 5dl und 2.5dl erh\u00e4ltlich.<br \/>\nFalls Sie gr\u00f6ssere Mengen ben\u00f6tigen, z\u00f6gern Sie nicht uns zu kontaktieren.<\/p>\n","protected":false},"featured_media":339,"comment_status":"open","ping_status":"closed","template":"","meta":{"site-sidebar-layout":"default","site-content-layout":"default","ast-main-header-display":"","ast-hfb-above-header-display":"","ast-hfb-below-header-display":"","ast-hfb-mobile-header-display":"","site-post-title":"","ast-breadcrumbs-content":"","ast-featured-img":"","footer-sml-layout":"","theme-transparent-header-meta":"","adv-header-id-meta":"","stick-header-meta":"","header-above-stick-meta":"","header-main-stick-meta":"","header-below-stick-meta":"","spay_email":""},"product_cat":[63],"product_tag":[194,195,193,192],"class_list":{"0":"post-698","1":"product","2":"type-product","3":"status-publish","4":"has-post-thumbnail","6":"product_cat-rapperswiler-rapsoel","7":"product_tag-kaltgepresst","8":"product_tag-oel","9":"product_tag-rapperswiler-rapsoel","10":"product_tag-rapsoel","11":"product_shipping_class-versand-ungekuehlte-ware","13":"first","14":"instock","15":"taxable","16":"shipping-taxable","17":"purchasable","18":"product-type-variable"},"yoast_head":"<!-- This site is optimized with the Yoast SEO plugin v19.1 - https:\/\/yoast.com\/wordpress\/plugins\/seo\/ -->\r\n<title>Raps\u00f6l - Tom&#039;s Highlandbeef<\/title>\r\n<meta name=\"robots\" content=\"index, follow, max-snippet:-1, max-image-preview:large, max-video-preview:-1\" \/>\r\n<link rel=\"canonical\" href=\"https:\/\/www.toms-highlandbeef.ch\/wordpress\/?product=rapsoel\" \/>\r\n<meta property=\"og:locale\" content=\"de_DE\" \/>\r\n<meta property=\"og:type\" content=\"article\" \/>\r\n<meta property=\"og:title\" content=\"Raps\u00f6l - Tom&#039;s Highlandbeef\" \/>\r\n<meta property=\"og:description\" content=\"Hochwertiges Raps\u00f6l aus eigenem, nachhaltigem Anbau.  Das Raps\u00f6l ist in Flaschen zu 5dl und 2.5dl erh\u00e4ltlich. Falls Sie gr\u00f6ssere Mengen ben\u00f6tigen, z\u00f6gern Sie nicht uns zu kontaktieren.\" \/>\r\n<meta property=\"og:url\" content=\"https:\/\/www.toms-highlandbeef.ch\/wordpress\/?product=rapsoel\" \/>\r\n<meta property=\"og:site_name\" content=\"Tom&#039;s Highlandbeef\" \/>\r\n<meta property=\"article:modified_time\" content=\"2023-03-17T17:00:49+00:00\" \/>\r\n<meta property=\"og:image\" content=\"https:\/\/www.toms-highlandbeef.ch\/wordpress\/wp-content\/uploads\/2022\/02\/rapsoel-3_small-1.jpg\" \/>\r\n\t<meta property=\"og:image:width\" content=\"500\" \/>\r\n\t<meta property=\"og:image:height\" content=\"286\" \/>\r\n\t<meta property=\"og:image:type\" content=\"image\/jpeg\" \/>\r\n<meta name=\"twitter:card\" content=\"summary_large_image\" \/>\r\n<script type=\"application\/ld+json\" class=\"yoast-schema-graph\">{\"@context\":\"https:\/\/schema.org\",\"@graph\":[{\"@type\":\"WebSite\",\"@id\":\"https:\/\/www.toms-highlandbeef.ch\/wordpress\/#website\",\"url\":\"https:\/\/www.toms-highlandbeef.ch\/wordpress\/\",\"name\":\"Tom's Highlandbeef\",\"description\":\"Nachhaltig produziert\",\"potentialAction\":[{\"@type\":\"SearchAction\",\"target\":{\"@type\":\"EntryPoint\",\"urlTemplate\":\"https:\/\/www.toms-highlandbeef.ch\/wordpress\/?s={search_term_string}\"},\"query-input\":\"required name=search_term_string\"}],\"inLanguage\":\"de\"},{\"@type\":\"ImageObject\",\"inLanguage\":\"de\",\"@id\":\"https:\/\/www.toms-highlandbeef.ch\/wordpress\/?product=rapsoel#primaryimage\",\"url\":\"https:\/\/www.toms-highlandbeef.ch\/wordpress\/wp-content\/uploads\/2022\/02\/rapsoel-3_small-1.jpg\",\"contentUrl\":\"https:\/\/www.toms-highlandbeef.ch\/wordpress\/wp-content\/uploads\/2022\/02\/rapsoel-3_small-1.jpg\",\"width\":500,\"height\":286,\"caption\":\"Rapperswiler Raps\u00f6l gibt Ihren Gerichten eine leckere Note\"},{\"@type\":\"WebPage\",\"@id\":\"https:\/\/www.toms-highlandbeef.ch\/wordpress\/?product=rapsoel#webpage\",\"url\":\"https:\/\/www.toms-highlandbeef.ch\/wordpress\/?product=rapsoel\",\"name\":\"Raps\u00f6l - Tom's Highlandbeef\",\"isPartOf\":{\"@id\":\"https:\/\/www.toms-highlandbeef.ch\/wordpress\/#website\"},\"primaryImageOfPage\":{\"@id\":\"https:\/\/www.toms-highlandbeef.ch\/wordpress\/?product=rapsoel#primaryimage\"},\"datePublished\":\"2022-04-21T10:57:48+00:00\",\"dateModified\":\"2023-03-17T17:00:49+00:00\",\"breadcrumb\":{\"@id\":\"https:\/\/www.toms-highlandbeef.ch\/wordpress\/?product=rapsoel#breadcrumb\"},\"inLanguage\":\"de\",\"potentialAction\":[{\"@type\":\"ReadAction\",\"target\":[\"https:\/\/www.toms-highlandbeef.ch\/wordpress\/?product=rapsoel\"]}]},{\"@type\":\"BreadcrumbList\",\"@id\":\"https:\/\/www.toms-highlandbeef.ch\/wordpress\/?product=rapsoel#breadcrumb\",\"itemListElement\":[{\"@type\":\"ListItem\",\"position\":1,\"name\":\"Startseite\",\"item\":\"https:\/\/www.toms-highlandbeef.ch\/wordpress\/\"},{\"@type\":\"ListItem\",\"position\":2,\"name\":\"Shop\",\"item\":\"https:\/\/www.toms-highlandbeef.ch\/wordpress\/?page_id=242\"},{\"@type\":\"ListItem\",\"position\":3,\"name\":\"Raps\u00f6l\"}]}]}<\/script>\r\n<!-- \/ Yoast SEO plugin. -->","yoast_head_json":{"title":"Raps\u00f6l - Tom's Highlandbeef","robots":{"index":"index","follow":"follow","max-snippet":"max-snippet:-1","max-image-preview":"max-image-preview:large","max-video-preview":"max-video-preview:-1"},"canonical":"https:\/\/www.toms-highlandbeef.ch\/wordpress\/?product=rapsoel","og_locale":"de_DE","og_type":"article","og_title":"Raps\u00f6l - Tom's Highlandbeef","og_description":"Hochwertiges Raps\u00f6l aus eigenem, nachhaltigem Anbau.  Das Raps\u00f6l ist in Flaschen zu 5dl und 2.5dl erh\u00e4ltlich. Falls Sie gr\u00f6ssere Mengen ben\u00f6tigen, z\u00f6gern Sie nicht uns zu kontaktieren.","og_url":"https:\/\/www.toms-highlandbeef.ch\/wordpress\/?product=rapsoel","og_site_name":"Tom's Highlandbeef","article_modified_time":"2023-03-17T17:00:49+00:00","og_image":[{"width":500,"height":286,"url":"https:\/\/www.toms-highlandbeef.ch\/wordpress\/wp-content\/uploads\/2022\/02\/rapsoel-3_small-1.jpg","type":"image\/jpeg"}],"twitter_card":"summary_large_image","schema":{"@context":"https:\/\/schema.org","@graph":[{"@type":"WebSite","@id":"https:\/\/www.toms-highlandbeef.ch\/wordpress\/#website","url":"https:\/\/www.toms-highlandbeef.ch\/wordpress\/","name":"Tom's Highlandbeef","description":"Nachhaltig produziert","potentialAction":[{"@type":"SearchAction","target":{"@type":"EntryPoint","urlTemplate":"https:\/\/www.toms-highlandbeef.ch\/wordpress\/?s={search_term_string}"},"query-input":"required name=search_term_string"}],"inLanguage":"de"},{"@type":"ImageObject","inLanguage":"de","@id":"https:\/\/www.toms-highlandbeef.ch\/wordpress\/?product=rapsoel#primaryimage","url":"https:\/\/www.toms-highlandbeef.ch\/wordpress\/wp-content\/uploads\/2022\/02\/rapsoel-3_small-1.jpg","contentUrl":"https:\/\/www.toms-highlandbeef.ch\/wordpress\/wp-content\/uploads\/2022\/02\/rapsoel-3_small-1.jpg","width":500,"height":286,"caption":"Rapperswiler Raps\u00f6l gibt Ihren Gerichten eine leckere Note"},{"@type":"WebPage","@id":"https:\/\/www.toms-highlandbeef.ch\/wordpress\/?product=rapsoel#webpage","url":"https:\/\/www.toms-highlandbeef.ch\/wordpress\/?product=rapsoel","name":"Raps\u00f6l - Tom's Highlandbeef","isPartOf":{"@id":"https:\/\/www.toms-highlandbeef.ch\/wordpress\/#website"},"primaryImageOfPage":{"@id":"https:\/\/www.toms-highlandbeef.ch\/wordpress\/?product=rapsoel#primaryimage"},"datePublished":"2022-04-21T10:57:48+00:00","dateModified":"2023-03-17T17:00:49+00:00","breadcrumb":{"@id":"https:\/\/www.toms-highlandbeef.ch\/wordpress\/?product=rapsoel#breadcrumb"},"inLanguage":"de","potentialAction":[{"@type":"ReadAction","target":["https:\/\/www.toms-highlandbeef.ch\/wordpress\/?product=rapsoel"]}]},{"@type":"BreadcrumbList","@id":"https:\/\/www.toms-highlandbeef.ch\/wordpress\/?product=rapsoel#breadcrumb","itemListElement":[{"@type":"ListItem","position":1,"name":"Startseite","item":"https:\/\/www.toms-highlandbeef.ch\/wordpress\/"},{"@type":"ListItem","position":2,"name":"Shop","item":"https:\/\/www.toms-highlandbeef.ch\/wordpress\/?page_id=242"},{"@type":"ListItem","position":3,"name":"Raps\u00f6l"}]}]}},"_links":{"self":[{"href":"https:\/\/www.toms-highlandbeef.ch\/wordpress\/index.php?rest_route=\/wp\/v2\/product\/698","targetHints":{"allow":["GET"]}}],"collection":[{"href":"https:\/\/www.toms-highlandbeef.ch\/wordpress\/index.php?rest_route=\/wp\/v2\/product"}],"about":[{"href":"https:\/\/www.toms-highlandbeef.ch\/wordpress\/index.php?rest_route=\/wp\/v2\/types\/product"}],"replies":[{"embeddable":true,"href":"https:\/\/www.toms-highlandbeef.ch\/wordpress\/index.php?rest_route=%2Fwp%2Fv2%2Fcomments&post=698"}],"wp:featuredmedia":[{"embeddable":true,"href":"https:\/\/www.toms-highlandbeef.ch\/wordpress\/index.php?rest_route=\/wp\/v2\/media\/339"}],"wp:attachment":[{"href":"https:\/\/www.toms-highlandbeef.ch\/wordpress\/index.php?rest_route=%2Fwp%2Fv2%2Fmedia&parent=698"}],"wp:term":[{"taxonomy":"product_cat","embeddable":true,"href":"https:\/\/www.toms-highlandbeef.ch\/wordpress\/index.php?rest_route=%2Fwp%2Fv2%2Fproduct_cat&post=698"},{"taxonomy":"product_tag","embeddable":true,"href":"https:\/\/www.toms-highlandbeef.ch\/wordpress\/index.php?rest_route=%2Fwp%2Fv2%2Fproduct_tag&post=698"}],"curies":[{"name":"wp","href":"https:\/\/api.w.org\/{rel}","templated":true}]}}